{"id":6397,"date":"2018-05-28T12:58:31","date_gmt":"2018-05-28T09:58:31","guid":{"rendered":"https:\/\/webdemo.humaokullari.com\/?page_id=6397"},"modified":"2026-04-11T12:31:39","modified_gmt":"2026-04-11T09:31:39","slug":"okulyoneticileri","status":"publish","type":"page","link":"https:\/\/humaokullari.com\/index.php\/okulyoneticileri\/","title":{"rendered":"Okul Y\u00f6neticileri"},"content":{"rendered":"\t\t<div data-elementor-type=\"wp-page\" data-elementor-id=\"6397\" class=\"elementor elementor-6397\">\n\t\t\t\t\t\t<section class=\"elementor-section elementor-top-section elementor-element elementor-element-21c1263e elementor-section-boxed elementor-section-height-default elementor-section-height-default\" data-id=\"21c1263e\" data-element_type=\"section\" data-settings=\"{&quot;background_background&quot;:&quot;classic&quot;}\">\n\t\t\t\t\t\t\t<div class=\"elementor-background-overlay\"><\/div>\n\t\t\t\t\t\t\t<div class=\"elementor-container elementor-column-gap-no\">\n\t\t\t\t\t<div class=\"elementor-column elementor-col-100 elementor-top-column elementor-element elementor-element-1c8c0e46\" data-id=\"1c8c0e46\" data-element_type=\"column\">\n\t\t\t<div class=\"elementor-widget-wrap elementor-element-populated\">\n\t\t\t\t\t\t<div class=\"elementor-element elementor-element-7a564f9b elementor-widget elementor-widget-heading\" data-id=\"7a564f9b\" data-element_type=\"widget\" data-widget_type=\"heading.default\">\n\t\t\t\t<div class=\"elementor-widget-container\">\n\t\t\t<style>\/*! elementor - v3.19.0 - 28-02-2024 *\/\n.elementor-heading-title{padding:0;margin:0;line-height:1}.elementor-widget-heading .elementor-heading-title[class*=elementor-size-]>a{color:inherit;font-size:inherit;line-height:inherit}.elementor-widget-heading .elementor-heading-title.elementor-size-small{font-size:15px}.elementor-widget-heading .elementor-heading-title.elementor-size-medium{font-size:19px}.elementor-widget-heading .elementor-heading-title.elementor-size-large{font-size:29px}.elementor-widget-heading .elementor-heading-title.elementor-size-xl{font-size:39px}.elementor-widget-heading .elementor-heading-title.elementor-size-xxl{font-size:59px}<\/style><h1 class=\"elementor-heading-title elementor-size-xxl\">okul y\u00f6neticilerimiz<\/h1>\t\t<\/div>\n\t\t\t\t<\/div>\n\t\t\t\t<section class=\"elementor-section elementor-inner-section elementor-element elementor-element-3b737b3a elementor-section-boxed elementor-section-height-default elementor-section-height-default\" data-id=\"3b737b3a\" data-element_type=\"section\">\n\t\t\t\t\t\t<div class=\"elementor-container elementor-column-gap-wider\">\n\t\t\t\t\t<div class=\"elementor-column elementor-col-50 elementor-inner-column elementor-element elementor-element-59fec99f\" data-id=\"59fec99f\" data-element_type=\"column\">\n\t\t\t<div class=\"elementor-widget-wrap elementor-element-populated\">\n\t\t\t\t\t\t<div class=\"elementor-element elementor-element-282fcd4e elementor-widget__width-initial elementor-widget elementor-widget-heading\" data-id=\"282fcd4e\" data-element_type=\"widget\" data-widget_type=\"heading.default\">\n\t\t\t\t<div class=\"elementor-widget-container\">\n\t\t\t<h2 class=\"elementor-heading-title elementor-size-default\">\u00d6\u011frencilerimiz ayn\u0131 zamanda bizim \u00e7ocuklar\u0131m\u0131z oldu\u011fu kadar ebeveynlerimizin de \u00e7ocuklar\u0131d\u0131r. H\u00fcma Okullar\u0131 aile k\u00fclt\u00fcr\u00fcn\u00fc benimsemi\u015f ve velilerimizin endi\u015felenmemesi ad\u0131na \u00f6\u011frencilere bu imkan\u0131 sunan bireylerden olu\u015fmaktad\u0131r. 'Sizin g\u00fcveniniz bizimdir' ilkesiyle hareket ederek \u00f6\u011frencilerimizin e\u011fitim hayatlar\u0131n\u0131 g\u00fcvenle \u015fekillendiriyoruz.<\/h2>\t\t<\/div>\n\t\t\t\t<\/div>\n\t\t\t\t\t<\/div>\n\t\t<\/div>\n\t\t\t\t<div class=\"elementor-column elementor-col-50 elementor-inner-column elementor-element elementor-element-1803d399\" data-id=\"1803d399\" data-element_type=\"column\">\n\t\t\t<div class=\"elementor-widget-wrap\">\n\t\t\t\t\t\t\t<\/div>\n\t\t<\/div>\n\t\t\t\t\t<\/div>\n\t\t<\/section>\n\t\t\t\t\t<\/div>\n\t\t<\/div>\n\t\t\t\t\t<\/div>\n\t\t<\/section>\n\t\t<div class=\"elementor-element elementor-element-5590f36 e-flex e-con-boxed e-con e-parent\" data-id=\"5590f36\" data-element_type=\"container\" data-settings=\"{&quot;content_width&quot;:&quot;boxed&quot;}\" data-core-v316-plus=\"true\">\n\t\t\t\t\t<div class=\"e-con-inner\">\n\t\t<div class=\"elementor-element elementor-element-2e48438 e-con-full e-flex e-con e-child\" data-id=\"2e48438\" data-element_type=\"container\" data-settings=\"{&quot;content_width&quot;:&quot;full&quot;}\">\n\t\t\t\t<div class=\"elementor-element elementor-element-d796a37 elementor-widget elementor-widget-image\" data-id=\"d796a37\" data-element_type=\"widget\" data-widget_type=\"image.default\">\n\t\t\t\t<div class=\"elementor-widget-container\">\n\t\t\t<style>\/*! elementor - v3.19.0 - 28-02-2024 *\/\n.elementor-widget-image{text-align:center}.elementor-widget-image a{display:inline-block}.elementor-widget-image a img[src$=\".svg\"]{width:48px}.elementor-widget-image img{vertical-align:middle;display:inline-block}<\/style>\t\t\t\t\t\t\t\t\t\t<img fetchpriority=\"high\" decoding=\"async\" width=\"699\" height=\"586\" src=\"https:\/\/humaokullari.com\/wp-content\/uploads\/2026\/04\/WhatsApp-Image-2026-04-10-at-13.48.42-6.jpeg\" class=\"attachment-large size-large wp-image-9850\" alt=\"\" srcset=\"https:\/\/humaokullari.com\/wp-content\/uploads\/2026\/04\/WhatsApp-Image-2026-04-10-at-13.48.42-6.jpeg 940w, https:\/\/humaokullari.com\/wp-content\/uploads\/2026\/04\/WhatsApp-Image-2026-04-10-at-13.48.42-6-300x251.jpeg 300w, https:\/\/humaokullari.com\/wp-content\/uploads\/2026\/04\/WhatsApp-Image-2026-04-10-at-13.48.42-6-768x644.jpeg 768w\" sizes=\"(max-width: 699px) 100vw, 699px\" \/>\t\t\t\t\t\t\t\t\t\t\t\t\t<\/div>\n\t\t\t\t<\/div>\n\t\t\t\t<\/div>\n\t\t<div class=\"elementor-element elementor-element-333a254 e-con-full e-flex e-con e-child\" data-id=\"333a254\" data-element_type=\"container\" data-settings=\"{&quot;content_width&quot;:&quot;full&quot;}\">\n\t\t\t\t<div class=\"elementor-element elementor-element-59c3e87 elementor-widget elementor-widget-image\" data-id=\"59c3e87\" data-element_type=\"widget\" data-widget_type=\"image.default\">\n\t\t\t\t<div class=\"elementor-widget-container\">\n\t\t\t\t\t\t\t\t\t\t\t\t\t<img decoding=\"async\" width=\"699\" height=\"586\" src=\"https:\/\/humaokullari.com\/wp-content\/uploads\/2026\/04\/WhatsApp-Image-2026-04-10-at-13.48.42-5.jpeg\" class=\"attachment-large size-large wp-image-9849\" alt=\"\" srcset=\"https:\/\/humaokullari.com\/wp-content\/uploads\/2026\/04\/WhatsApp-Image-2026-04-10-at-13.48.42-5.jpeg 940w, https:\/\/humaokullari.com\/wp-content\/uploads\/2026\/04\/WhatsApp-Image-2026-04-10-at-13.48.42-5-300x251.jpeg 300w, https:\/\/humaokullari.com\/wp-content\/uploads\/2026\/04\/WhatsApp-Image-2026-04-10-at-13.48.42-5-768x644.jpeg 768w\" sizes=\"(max-width: 699px) 100vw, 699px\" \/>\t\t\t\t\t\t\t\t\t\t\t\t\t<\/div>\n\t\t\t\t<\/div>\n\t\t\t\t<\/div>\n\t\t<div class=\"elementor-element elementor-element-25f3bcb e-con-full e-flex e-con e-child\" data-id=\"25f3bcb\" data-element_type=\"container\" data-settings=\"{&quot;content_width&quot;:&quot;full&quot;}\">\n\t\t\t\t<div class=\"elementor-element elementor-element-4ab8ee3 elementor-widget elementor-widget-image\" data-id=\"4ab8ee3\" data-element_type=\"widget\" data-widget_type=\"image.default\">\n\t\t\t\t<div class=\"elementor-widget-container\">\n\t\t\t\t\t\t\t\t\t\t\t\t\t<img decoding=\"async\" width=\"699\" height=\"586\" src=\"https:\/\/humaokullari.com\/wp-content\/uploads\/2026\/04\/WhatsApp-Image-2026-04-10-at-13.48.42-4.jpeg\" class=\"attachment-large size-large wp-image-9848\" alt=\"\" srcset=\"https:\/\/humaokullari.com\/wp-content\/uploads\/2026\/04\/WhatsApp-Image-2026-04-10-at-13.48.42-4.jpeg 940w, https:\/\/humaokullari.com\/wp-content\/uploads\/2026\/04\/WhatsApp-Image-2026-04-10-at-13.48.42-4-300x251.jpeg 300w, https:\/\/humaokullari.com\/wp-content\/uploads\/2026\/04\/WhatsApp-Image-2026-04-10-at-13.48.42-4-768x644.jpeg 768w\" sizes=\"(max-width: 699px) 100vw, 699px\" \/>\t\t\t\t\t\t\t\t\t\t\t\t\t<\/div>\n\t\t\t\t<\/div>\n\t\t\t\t<\/div>\n\t\t<div class=\"elementor-element elementor-element-b834d58 e-con-full e-flex e-con e-child\" data-id=\"b834d58\" data-element_type=\"container\" data-settings=\"{&quot;content_width&quot;:&quot;full&quot;}\">\n\t\t\t\t<div class=\"elementor-element elementor-element-5f8639a elementor-widget elementor-widget-image\" data-id=\"5f8639a\" data-element_type=\"widget\" data-widget_type=\"image.default\">\n\t\t\t\t<div class=\"elementor-widget-container\">\n\t\t\t\t\t\t\t\t\t\t\t\t\t<img loading=\"lazy\" decoding=\"async\" width=\"699\" height=\"586\" src=\"https:\/\/humaokullari.com\/wp-content\/uploads\/2026\/04\/WhatsApp-Image-2026-04-10-at-13.48.42-7.jpeg\" class=\"attachment-large size-large wp-image-9851\" alt=\"\" srcset=\"https:\/\/humaokullari.com\/wp-content\/uploads\/2026\/04\/WhatsApp-Image-2026-04-10-at-13.48.42-7.jpeg 940w, https:\/\/humaokullari.com\/wp-content\/uploads\/2026\/04\/WhatsApp-Image-2026-04-10-at-13.48.42-7-300x251.jpeg 300w, https:\/\/humaokullari.com\/wp-content\/uploads\/2026\/04\/WhatsApp-Image-2026-04-10-at-13.48.42-7-768x644.jpeg 768w\" sizes=\"(max-width: 699px) 100vw, 699px\" \/>\t\t\t\t\t\t\t\t\t\t\t\t\t<\/div>\n\t\t\t\t<\/div>\n\t\t\t\t<\/div>\n\t\t\t\t\t<\/div>\n\t\t\t\t<\/div>\n\t\t\t\t<\/div>\n\t\t","protected":false},"excerpt":{"rendered":"<div class=\"tmnf_excerpt\"><p>okul y\u00f6neticilerimiz \u00d6\u011frencilerimiz ayn\u0131 zamanda bizim \u00e7ocuklar\u0131m\u0131z oldu\u011fu kadar ebeveynlerimizin de \u00e7ocuklar\u0131d\u0131r. H\u00fcma Okullar\u0131 aile k\u00fclt\u00fcr\u00fcn\u00fc benimsemi\u015f ve velilerimizin endi\u015felenmemesi ad\u0131na \u00f6\u011frencilere bu imkan\u0131 sunan bireylerden olu\u015fmaktad\u0131r. &#8216;Sizin g\u00fcveniniz bizimdir&#8217; ilkesiyle hareket ederek \u00f6\u011frencilerimizin e\u011fitim hayatlar\u0131n\u0131 g\u00fcvenle \u015fekillendiriyoruz.<\/p>\n<\/div>","protected":false},"author":1,"featured_media":0,"parent":0,"menu_order":0,"comment_status":"closed","ping_status":"closed","template":"elementor_header_footer","meta":{"_monsterinsights_skip_tracking":false,"_monsterinsights_sitenote_active":false,"_monsterinsights_sitenote_note":"","_monsterinsights_sitenote_category":0,"footnotes":""},"class_list":["post-6397","page","type-page","status-publish","hentry"],"acf":[],"aioseo_notices":[],"_links":{"self":[{"href":"https:\/\/humaokullari.com\/index.php\/wp-json\/wp\/v2\/pages\/6397","targetHints":{"allow":["GET"]}}],"collection":[{"href":"https:\/\/humaokullari.com\/index.php\/wp-json\/wp\/v2\/pages"}],"about":[{"href":"https:\/\/humaokullari.com\/index.php\/wp-json\/wp\/v2\/types\/page"}],"author":[{"embeddable":true,"href":"https:\/\/humaokullari.com\/index.php\/wp-json\/wp\/v2\/users\/1"}],"replies":[{"embeddable":true,"href":"https:\/\/humaokullari.com\/index.php\/wp-json\/wp\/v2\/comments?post=6397"}],"version-history":[{"count":61,"href":"https:\/\/humaokullari.com\/index.php\/wp-json\/wp\/v2\/pages\/6397\/revisions"}],"predecessor-version":[{"id":9854,"href":"https:\/\/humaokullari.com\/index.php\/wp-json\/wp\/v2\/pages\/6397\/revisions\/9854"}],"wp:attachment":[{"href":"https:\/\/humaokullari.com\/index.php\/wp-json\/wp\/v2\/media?parent=6397"}],"curies":[{"name":"wp","href":"https:\/\/api.w.org\/{rel}","templated":true}]}}