{"id":7217,"date":"2018-02-07T09:07:59","date_gmt":"2018-02-07T06:07:59","guid":{"rendered":"https:\/\/webdemo.humaokullari.com\/?page_id=7217"},"modified":"2026-04-14T12:35:54","modified_gmt":"2026-04-14T09:35:54","slug":"turkcemakaleler","status":"publish","type":"page","link":"https:\/\/humaokullari.com\/index.php\/turkcemakaleler\/","title":{"rendered":"T\u00fcrk\u00e7e Makaleler"},"content":{"rendered":"\t\t<div data-elementor-type=\"wp-post\" data-elementor-id=\"7217\" class=\"elementor elementor-7217\">\n\t\t\t\t\t\t<section class=\"elementor-section elementor-top-section elementor-element elementor-element-056b1aa elementor-section-boxed elementor-section-height-default elementor-section-height-default\" data-id=\"056b1aa\" data-element_type=\"section\" data-settings=\"{&quot;background_background&quot;:&quot;gradient&quot;}\">\n\t\t\t\t\t\t<div class=\"elementor-container elementor-column-gap-wider\">\n\t\t\t\t\t<div class=\"elementor-column elementor-col-100 elementor-top-column elementor-element elementor-element-61796d3\" data-id=\"61796d3\" data-element_type=\"column\">\n\t\t\t<div class=\"elementor-widget-wrap elementor-element-populated\">\n\t\t\t\t\t\t<div class=\"elementor-element elementor-element-0a1f7a7 elementor-widget elementor-widget-image\" data-id=\"0a1f7a7\" data-element_type=\"widget\" data-widget_type=\"image.default\">\n\t\t\t\t<div class=\"elementor-widget-container\">\n\t\t\t<style>\/*! elementor - v3.19.0 - 28-02-2024 *\/\n.elementor-widget-image{text-align:center}.elementor-widget-image a{display:inline-block}.elementor-widget-image a img[src$=\".svg\"]{width:48px}.elementor-widget-image img{vertical-align:middle;display:inline-block}<\/style>\t\t\t\t\t\t\t\t\t\t<img decoding=\"async\" src=\"https:\/\/humaokullari.com\/wp-content\/uploads\/elementor\/thumbs\/dosya-qi5fku7dyz2prgnnjkni57au1u5tlz8wp39bue6gek.jpg\" title=\"\" alt=\"\" loading=\"lazy\" \/>\t\t\t\t\t\t\t\t\t\t\t\t\t<\/div>\n\t\t\t\t<\/div>\n\t\t\t\t<div class=\"elementor-element elementor-element-66f49c4 elementor-align-center elementor-widget elementor-widget-button\" data-id=\"66f49c4\" data-element_type=\"widget\" data-widget_type=\"button.default\">\n\t\t\t\t<div class=\"elementor-widget-container\">\n\t\t\t\t\t<div class=\"elementor-button-wrapper\">\n\t\t\t<a class=\"elementor-button elementor-button-link elementor-size-sm\" href=\"https:\/\/humaokullari.com\/wp-content\/uploads\/2024\/01\/Egitimde-Firsat-Esitligi.pdf\" target=\"_blank\">\n\t\t\t\t\t\t<span class=\"elementor-button-content-wrapper\">\n\t\t\t\t\t\t<span class=\"elementor-button-text\">E\u011fitimde F\u0131rsat E\u015fitli\u011fi<\/span>\n\t\t<\/span>\n\t\t\t\t\t<\/a>\n\t\t<\/div>\n\t\t\t\t<\/div>\n\t\t\t\t<\/div>\n\t\t\t\t\t<\/div>\n\t\t<\/div>\n\t\t\t\t\t<\/div>\n\t\t<\/section>\n\t\t\t\t<\/div>\n\t\t","protected":false},"excerpt":{"rendered":"<div class=\"tmnf_excerpt\"><p>E\u011fitimde F\u0131rsat E\u015fitli\u011fi<\/p>\n<\/div>","protected":false},"author":1,"featured_media":9175,"parent":0,"menu_order":0,"comment_status":"closed","ping_status":"closed","template":"","meta":{"_monsterinsights_skip_tracking":false,"_monsterinsights_sitenote_active":false,"_monsterinsights_sitenote_note":"","_monsterinsights_sitenote_category":0,"footnotes":""},"class_list":["post-7217","page","type-page","status-publish","has-post-thumbnail","hentry"],"acf":[],"aioseo_notices":[],"_links":{"self":[{"href":"https:\/\/humaokullari.com\/index.php\/wp-json\/wp\/v2\/pages\/7217","targetHints":{"allow":["GET"]}}],"collection":[{"href":"https:\/\/humaokullari.com\/index.php\/wp-json\/wp\/v2\/pages"}],"about":[{"href":"https:\/\/humaokullari.com\/index.php\/wp-json\/wp\/v2\/types\/page"}],"author":[{"embeddable":true,"href":"https:\/\/humaokullari.com\/index.php\/wp-json\/wp\/v2\/users\/1"}],"replies":[{"embeddable":true,"href":"https:\/\/humaokullari.com\/index.php\/wp-json\/wp\/v2\/comments?post=7217"}],"version-history":[{"count":32,"href":"https:\/\/humaokullari.com\/index.php\/wp-json\/wp\/v2\/pages\/7217\/revisions"}],"predecessor-version":[{"id":9961,"href":"https:\/\/humaokullari.com\/index.php\/wp-json\/wp\/v2\/pages\/7217\/revisions\/9961"}],"wp:featuredmedia":[{"embeddable":true,"href":"https:\/\/humaokullari.com\/index.php\/wp-json\/wp\/v2\/media\/9175"}],"wp:attachment":[{"href":"https:\/\/humaokullari.com\/index.php\/wp-json\/wp\/v2\/media?parent=7217"}],"curies":[{"name":"wp","href":"https:\/\/api.w.org\/{rel}","templated":true}]}}