{"id":7395,"date":"2018-05-28T12:58:31","date_gmt":"2018-05-28T09:58:31","guid":{"rendered":"https:\/\/webdemo.humaokullari.com\/?page_id=7395"},"modified":"2024-01-02T14:28:26","modified_gmt":"2024-01-02T11:28:26","slug":"iyilikkulubu-2","status":"publish","type":"page","link":"https:\/\/humaokullari.com\/index.php\/iyilikkulubu-2\/","title":{"rendered":"\u0130yilik Kul\u00fcb\u00fc"},"content":{"rendered":"\t\t<div data-elementor-type=\"wp-page\" data-elementor-id=\"7395\" class=\"elementor elementor-7395\">\n\t\t\t\t\t\t<section class=\"elementor-section elementor-top-section elementor-element elementor-element-21c1263e elementor-section-boxed elementor-section-height-default elementor-section-height-default\" data-id=\"21c1263e\" data-element_type=\"section\" data-settings=\"{&quot;background_background&quot;:&quot;classic&quot;}\">\n\t\t\t\t\t\t\t<div class=\"elementor-background-overlay\"><\/div>\n\t\t\t\t\t\t\t<div class=\"elementor-container elementor-column-gap-no\">\n\t\t\t\t\t<div class=\"elementor-column elementor-col-100 elementor-top-column elementor-element elementor-element-1c8c0e46\" data-id=\"1c8c0e46\" data-element_type=\"column\">\n\t\t\t<div class=\"elementor-widget-wrap elementor-element-populated\">\n\t\t\t\t\t\t<div class=\"elementor-element elementor-element-7a564f9b elementor-widget elementor-widget-heading\" data-id=\"7a564f9b\" data-element_type=\"widget\" data-widget_type=\"heading.default\">\n\t\t\t\t<div class=\"elementor-widget-container\">\n\t\t\t<style>\/*! elementor - v3.19.0 - 28-02-2024 *\/\n.elementor-heading-title{padding:0;margin:0;line-height:1}.elementor-widget-heading .elementor-heading-title[class*=elementor-size-]>a{color:inherit;font-size:inherit;line-height:inherit}.elementor-widget-heading .elementor-heading-title.elementor-size-small{font-size:15px}.elementor-widget-heading .elementor-heading-title.elementor-size-medium{font-size:19px}.elementor-widget-heading .elementor-heading-title.elementor-size-large{font-size:29px}.elementor-widget-heading .elementor-heading-title.elementor-size-xl{font-size:39px}.elementor-widget-heading .elementor-heading-title.elementor-size-xxl{font-size:59px}<\/style><h1 class=\"elementor-heading-title elementor-size-xxl\">\u0130yilik kulub\u00fc<\/h1>\t\t<\/div>\n\t\t\t\t<\/div>\n\t\t\t\t\t<\/div>\n\t\t<\/div>\n\t\t\t\t\t<\/div>\n\t\t<\/section>\n\t\t\t\t<section class=\"elementor-section elementor-top-section elementor-element elementor-element-c23a284 elementor-section-boxed elementor-section-height-default elementor-section-height-default\" data-id=\"c23a284\" data-element_type=\"section\" data-settings=\"{&quot;background_background&quot;:&quot;gradient&quot;}\">\n\t\t\t\t\t\t<div class=\"elementor-container elementor-column-gap-wider\">\n\t\t\t\t\t<div class=\"elementor-column elementor-col-100 elementor-top-column elementor-element elementor-element-2ad75e1\" data-id=\"2ad75e1\" data-element_type=\"column\">\n\t\t\t<div class=\"elementor-widget-wrap elementor-element-populated\">\n\t\t\t\t\t\t<div class=\"elementor-element elementor-element-a630ce9 elementor-widget-divider--view-line elementor-widget elementor-widget-divider\" data-id=\"a630ce9\" data-element_type=\"widget\" data-widget_type=\"divider.default\">\n\t\t\t\t<div class=\"elementor-widget-container\">\n\t\t\t<style>\/*! elementor - v3.19.0 - 28-02-2024 *\/\n.elementor-widget-divider{--divider-border-style:none;--divider-border-width:1px;--divider-color:#0c0d0e;--divider-icon-size:20px;--divider-element-spacing:10px;--divider-pattern-height:24px;--divider-pattern-size:20px;--divider-pattern-url:none;--divider-pattern-repeat:repeat-x}.elementor-widget-divider .elementor-divider{display:flex}.elementor-widget-divider .elementor-divider__text{font-size:15px;line-height:1;max-width:95%}.elementor-widget-divider .elementor-divider__element{margin:0 var(--divider-element-spacing);flex-shrink:0}.elementor-widget-divider .elementor-icon{font-size:var(--divider-icon-size)}.elementor-widget-divider .elementor-divider-separator{display:flex;margin:0;direction:ltr}.elementor-widget-divider--view-line_icon .elementor-divider-separator,.elementor-widget-divider--view-line_text .elementor-divider-separator{align-items:center}.elementor-widget-divider--view-line_icon .elementor-divider-separator:after,.elementor-widget-divider--view-line_icon .elementor-divider-separator:before,.elementor-widget-divider--view-line_text .elementor-divider-separator:after,.elementor-widget-divider--view-line_text .elementor-divider-separator:before{display:block;content:\"\";border-block-end:0;flex-grow:1;border-block-start:var(--divider-border-width) var(--divider-border-style) var(--divider-color)}.elementor-widget-divider--element-align-left .elementor-divider .elementor-divider-separator>.elementor-divider__svg:first-of-type{flex-grow:0;flex-shrink:100}.elementor-widget-divider--element-align-left .elementor-divider-separator:before{content:none}.elementor-widget-divider--element-align-left .elementor-divider__element{margin-left:0}.elementor-widget-divider--element-align-right .elementor-divider .elementor-divider-separator>.elementor-divider__svg:last-of-type{flex-grow:0;flex-shrink:100}.elementor-widget-divider--element-align-right .elementor-divider-separator:after{content:none}.elementor-widget-divider--element-align-right .elementor-divider__element{margin-right:0}.elementor-widget-divider--element-align-start .elementor-divider .elementor-divider-separator>.elementor-divider__svg:first-of-type{flex-grow:0;flex-shrink:100}.elementor-widget-divider--element-align-start .elementor-divider-separator:before{content:none}.elementor-widget-divider--element-align-start .elementor-divider__element{margin-inline-start:0}.elementor-widget-divider--element-align-end .elementor-divider .elementor-divider-separator>.elementor-divider__svg:last-of-type{flex-grow:0;flex-shrink:100}.elementor-widget-divider--element-align-end .elementor-divider-separator:after{content:none}.elementor-widget-divider--element-align-end .elementor-divider__element{margin-inline-end:0}.elementor-widget-divider:not(.elementor-widget-divider--view-line_text):not(.elementor-widget-divider--view-line_icon) .elementor-divider-separator{border-block-start:var(--divider-border-width) var(--divider-border-style) var(--divider-color)}.elementor-widget-divider--separator-type-pattern{--divider-border-style:none}.elementor-widget-divider--separator-type-pattern.elementor-widget-divider--view-line .elementor-divider-separator,.elementor-widget-divider--separator-type-pattern:not(.elementor-widget-divider--view-line) .elementor-divider-separator:after,.elementor-widget-divider--separator-type-pattern:not(.elementor-widget-divider--view-line) .elementor-divider-separator:before,.elementor-widget-divider--separator-type-pattern:not([class*=elementor-widget-divider--view]) .elementor-divider-separator{width:100%;min-height:var(--divider-pattern-height);-webkit-mask-size:var(--divider-pattern-size) 100%;mask-size:var(--divider-pattern-size) 100%;-webkit-mask-repeat:var(--divider-pattern-repeat);mask-repeat:var(--divider-pattern-repeat);background-color:var(--divider-color);-webkit-mask-image:var(--divider-pattern-url);mask-image:var(--divider-pattern-url)}.elementor-widget-divider--no-spacing{--divider-pattern-size:auto}.elementor-widget-divider--bg-round{--divider-pattern-repeat:round}.rtl .elementor-widget-divider .elementor-divider__text{direction:rtl}.e-con-inner>.elementor-widget-divider,.e-con>.elementor-widget-divider{width:var(--container-widget-width,100%);--flex-grow:var(--container-widget-flex-grow)}<\/style>\t\t<div class=\"elementor-divider\">\n\t\t\t<span class=\"elementor-divider-separator\">\n\t\t\t\t\t\t<\/span>\n\t\t<\/div>\n\t\t\t\t<\/div>\n\t\t\t\t<\/div>\n\t\t\t\t<div class=\"elementor-element elementor-element-e27302d elementor-widget elementor-widget-heading\" data-id=\"e27302d\" data-element_type=\"widget\" data-widget_type=\"heading.default\">\n\t\t\t\t<div class=\"elementor-widget-container\">\n\t\t\t<h2 class=\"elementor-heading-title elementor-size-xl\">H\u00dcMA OKULLARI \u0130Y\u0130L\u0130K KUL\u00dcB\u00dc \u0130\u015e BA\u015eINDA<\/h2>\t\t<\/div>\n\t\t\t\t<\/div>\n\t\t\t\t<div class=\"elementor-element elementor-element-27a540c elementor-widget-divider--view-line elementor-widget elementor-widget-divider\" data-id=\"27a540c\" data-element_type=\"widget\" data-widget_type=\"divider.default\">\n\t\t\t\t<div class=\"elementor-widget-container\">\n\t\t\t\t\t<div class=\"elementor-divider\">\n\t\t\t<span class=\"elementor-divider-separator\">\n\t\t\t\t\t\t<\/span>\n\t\t<\/div>\n\t\t\t\t<\/div>\n\t\t\t\t<\/div>\n\t\t\t\t<div class=\"elementor-element elementor-element-fcda4c7 elementor-widget elementor-widget-image\" data-id=\"fcda4c7\" data-element_type=\"widget\" data-widget_type=\"image.default\">\n\t\t\t\t<div class=\"elementor-widget-container\">\n\t\t\t<style>\/*! elementor - v3.19.0 - 28-02-2024 *\/\n.elementor-widget-image{text-align:center}.elementor-widget-image a{display:inline-block}.elementor-widget-image a img[src$=\".svg\"]{width:48px}.elementor-widget-image img{vertical-align:middle;display:inline-block}<\/style>\t\t\t\t\t\t\t\t\t\t<img decoding=\"async\" src=\"https:\/\/humaokullari.com\/wp-content\/uploads\/elementor\/thumbs\/iyilik-qi5fku7kska4a19uhsyclfenfpgbpc2msawo1zofmo.webp\" title=\"iyilik\" alt=\"iyilik\" loading=\"lazy\" \/>\t\t\t\t\t\t\t\t\t\t\t\t\t<\/div>\n\t\t\t\t<\/div>\n\t\t\t\t<div class=\"elementor-element elementor-element-269e67f elementor-widget__width-initial elementor-widget elementor-widget-text-editor\" data-id=\"269e67f\" data-element_type=\"widget\" data-widget_type=\"text-editor.default\">\n\t\t\t\t<div class=\"elementor-widget-container\">\n\t\t\t<style>\/*! elementor - v3.19.0 - 28-02-2024 *\/\n.elementor-widget-text-editor.elementor-drop-cap-view-stacked .elementor-drop-cap{background-color:#69727d;color:#fff}.elementor-widget-text-editor.elementor-drop-cap-view-framed .elementor-drop-cap{color:#69727d;border:3px solid;background-color:transparent}.elementor-widget-text-editor:not(.elementor-drop-cap-view-default) .elementor-drop-cap{margin-top:8px}.elementor-widget-text-editor:not(.elementor-drop-cap-view-default) .elementor-drop-cap-letter{width:1em;height:1em}.elementor-widget-text-editor .elementor-drop-cap{float:left;text-align:center;line-height:1;font-size:50px}.elementor-widget-text-editor .elementor-drop-cap-letter{display:inline-block}<\/style>\t\t\t\t<p>\u00a0 \u00a0Ge\u00e7ti\u011fimiz haftalarda ya\u015fanan Elaz\u0131\u011f depremi sonras\u0131 \u00fclkemizde ba\u015flayan yard\u0131m kampanyalar\u0131na H\u00fcma Okullar\u0131 da duyars\u0131z kalmad\u0131. \u00d6\u011frenci ve velilerin deste\u011fi ile haz\u0131rlanan k\u0131rtasiye malzemeleri, kalem, kalemlik, defter, hikaye kitab\u0131, atk\u0131, bere, Mevlana \u015fekeri ve \u00f6\u011frencilerin duygular\u0131n\u0131 payla\u015ft\u0131klar\u0131 mektuplar yola \u00e7\u0131kt\u0131.<\/p><p>\u00a0<\/p><p>\u00a0 \u00a0 H\u00fcma Okullar\u0131 \u0130yilik Kul\u00fcb\u00fc, Elaz\u0131\u011f depremi sonras\u0131 \u00f6\u011frencilere \u00e7a\u011fr\u0131 yapt\u0131 ve yard\u0131ma ihtiyac\u0131 olan \u00f6\u011frenciler i\u00e7in gerekli malzemeleri temin etmeye ba\u015flad\u0131. 2 hafta s\u00fcre i\u00e7inde k\u0131rk\u0131 a\u015fk\u0131n kutuyu tamamlayan H\u00fcma Okullar\u0131 velilerini de davet ederek toplanan yard\u0131mlar\u0131 ihtiya\u00e7 sahiplerine ula\u015ft\u0131rd\u0131.<\/p><p>14 \u015eubat Cuma g\u00fcn\u00fc sabah namaz\u0131 k\u0131l\u0131narak okulda \u00e7orba ikram\u0131 yap\u0131ld\u0131. Sonras\u0131nda Elaz\u0131\u011f\u2019da depremden etkilenen \u00f6\u011frenciler i\u00e7in toplanan yard\u0131m kolileri dualarla yola \u00e7\u0131kt\u0131. Sel\u00e7uklu Belediye Ba\u015fkan\u0131 Ahmet Pekyat\u0131rmac\u0131\u2019n\u0131n \u00f6\u011frencilerin bu duyarl\u0131 davran\u0131\u015flar\u0131na kar\u015f\u0131l\u0131k g\u00f6nderdi\u011fi hediyeler teslim edildi.<\/p><p>\u00a0<\/p><p>\u00a0 \u00a0H\u00fcma Okullar\u0131 Kurucu Y\u00f6netim Kurulu Ba\u015fkan\u0131 Dr. Mehmet Birekul g\u00fcn\u00fcn anlam ve \u00f6nemine binaen yapt\u0131\u011f\u0131 konu\u015fmas\u0131nda, \u201cElaz\u0131\u011f depreminde hayat\u0131n\u0131 kaybeden vatanda\u015flar\u0131n yak\u0131nlar\u0131na ba\u015f sa\u011fl\u0131\u011f\u0131 ve etkilenen herkese ge\u00e7mi\u015f olsun dileklerimi iletiyorum\u201d dedi. Yard\u0131mla\u015fma s\u00f6z konusu oldu\u011funda t\u00fcm \u00fclkenin bir araya gelmesinin b\u00fcy\u00fck bir ayr\u0131cal\u0131k oldu\u011funu, hi\u00e7bir \u00fclkede bu denli bir yard\u0131mla\u015fma seferberli\u011finin ba\u015flat\u0131lamayaca\u011f\u0131n\u0131 ve T\u00fcrkiye\u2019ye \u00f6zg\u00fc olan bu durumun k\u0131ymetini bilmemiz gerekti\u011fini vurgulad\u0131. Konu\u015fmas\u0131n\u0131 H\u00fcma Okullar\u0131 \u0130yilik Kul\u00fcb\u00fc \u00f6\u011frencilerine, \u00a0katk\u0131da bulunan t\u00fcm velilere ve Sel\u00e7uklu Belediye Ba\u015fkan\u0131 Ahmet Pekyat\u0131rmac\u0131\u2019ya te\u015fekk\u00fcr ederek bitirdi.<\/p><p>\u00a0<\/p><p>Haberin devam\u0131 i\u00e7in:\u00a0<a href=\"https:\/\/www.konyadahaber.com\/news-detail.php?Id=114297\">https:\/\/www.konyadahaber.com\/news-detail.php?Id=114297<\/a><\/p><p>Haberin devam\u0131 i\u00e7in:\u00a0<a href=\"http:\/\/m.anadoludabugun.com.tr\/huma-okullari-iyilik-kulubu-is-basinda-108195\">http:\/\/m.anadoludabugun.com.tr\/huma-okullari-iyilik-kulubu-is-basinda-108195<\/a><\/p><p>Haberin devam\u0131 i\u00e7in:\u00a0<a href=\"http:\/\/www.konyayenigun.com\/egitim\/huma-okullari-iyilik-icin-isbasinda-h227376.html\">http:\/\/www.konyayenigun.com\/egitim\/huma-okullari-iyilik-icin-isbasinda-h227376.html<\/a><\/p><p>Haberin devam\u0131 i\u00e7in:\u00a0<a href=\"https:\/\/m.konyapostasi.com.tr\/konya\/huma-okullari-iyilik-kulubu-is-basinda\/81004\">https:\/\/m.konyapostasi.com.tr\/konya\/huma-okullari-iyilik-kulubu-is-basinda\/81004<\/a><\/p><p>Haberin devam\u0131 i\u00e7in:\u00a0<a href=\"https:\/\/www.pusulahaber.com.tr\/huma-okullari-iyilik-kulubu-is-basinda-1304209h.htm\">https:\/\/www.pusulahaber.com.tr\/huma-okullari-iyilik-kulubu-is-basinda-1304209h.htm<\/a><\/p><p>Haberin devam\u0131 i\u00e7in:\u00a0<a href=\"http:\/\/ipekyoluhaber.net\/m-haber-19589.html\">http:\/\/ipekyoluhaber.net\/m-haber-19589.html<\/a><\/p><p>Haberin devam\u0131 i\u00e7in:\u00a0<a href=\"https:\/\/www.ureticihaber.com\/mobil\/haber\/27846\/huma-okullari-iyilik-kulubu-is-basinda.html\">https:\/\/www.ureticihaber.com\/mobil\/haber\/27846\/huma-okullari-iyilik-kulubu-is-basinda.html<\/a><\/p><p>Haberin devam\u0131 i\u00e7in:\u00a0<a href=\"http:\/\/www.merhabahaber.com\/huma-okullari-iyilik-kulubu-isbasinda-1817665h.htm\">http:\/\/www.merhabahaber.com\/huma-okullari-iyilik-kulubu-isbasinda-1817665h.htm<\/a>[:]<\/p>\t\t\t\t\t\t<\/div>\n\t\t\t\t<\/div>\n\t\t\t\t\t<\/div>\n\t\t<\/div>\n\t\t\t\t\t<\/div>\n\t\t<\/section>\n\t\t\t\t<\/div>\n\t\t","protected":false},"excerpt":{"rendered":"<div class=\"tmnf_excerpt\"><p>\u0130yilik kulub\u00fc H\u00dcMA OKULLARI \u0130Y\u0130L\u0130K KUL\u00dcB\u00dc \u0130\u015e BA\u015eINDA \u00a0 \u00a0Ge\u00e7ti\u011fimiz haftalarda ya\u015fanan Elaz\u0131\u011f depremi sonras\u0131 \u00fclkemizde ba\u015flayan yard\u0131m kampanyalar\u0131na H\u00fcma Okullar\u0131 da duyars\u0131z kalmad\u0131. \u00d6\u011frenci ve velilerin deste\u011fi ile haz\u0131rlanan k\u0131rtasiye malzemeleri, kalem, kalemlik, defter, hikaye kitab\u0131, atk\u0131, bere, Mevlana \u015fekeri ve \u00f6\u011frencilerin duygular\u0131n\u0131 payla\u015ft\u0131klar\u0131 mektuplar yola \u00e7\u0131kt\u0131. \u00a0 \u00a0 \u00a0 H\u00fcma Okullar\u0131 \u0130yilik Kul\u00fcb\u00fc, &hellip;<\/p>\n<\/div>","protected":false},"author":1,"featured_media":0,"parent":0,"menu_order":0,"comment_status":"closed","ping_status":"closed","template":"elementor_header_footer","meta":{"_monsterinsights_skip_tracking":false,"_monsterinsights_sitenote_active":false,"_monsterinsights_sitenote_note":"","_monsterinsights_sitenote_category":0,"footnotes":""},"class_list":["post-7395","page","type-page","status-publish","hentry"],"acf":[],"aioseo_notices":[],"_links":{"self":[{"href":"https:\/\/humaokullari.com\/index.php\/wp-json\/wp\/v2\/pages\/7395","targetHints":{"allow":["GET"]}}],"collection":[{"href":"https:\/\/humaokullari.com\/index.php\/wp-json\/wp\/v2\/pages"}],"about":[{"href":"https:\/\/humaokullari.com\/index.php\/wp-json\/wp\/v2\/types\/page"}],"author":[{"embeddable":true,"href":"https:\/\/humaokullari.com\/index.php\/wp-json\/wp\/v2\/users\/1"}],"replies":[{"embeddable":true,"href":"https:\/\/humaokullari.com\/index.php\/wp-json\/wp\/v2\/comments?post=7395"}],"version-history":[{"count":4,"href":"https:\/\/humaokullari.com\/index.php\/wp-json\/wp\/v2\/pages\/7395\/revisions"}],"predecessor-version":[{"id":7399,"href":"https:\/\/humaokullari.com\/index.php\/wp-json\/wp\/v2\/pages\/7395\/revisions\/7399"}],"wp:attachment":[{"href":"https:\/\/humaokullari.com\/index.php\/wp-json\/wp\/v2\/media?parent=7395"}],"curies":[{"name":"wp","href":"https:\/\/api.w.org\/{rel}","templated":true}]}}