{"id":7531,"date":"2018-05-28T12:58:31","date_gmt":"2018-05-28T09:58:31","guid":{"rendered":"https:\/\/webdemo.humaokullari.com\/?page_id=7531"},"modified":"2024-06-04T11:36:56","modified_gmt":"2024-06-04T08:36:56","slug":"anlasmalikurumlarimiz","status":"publish","type":"page","link":"https:\/\/humaokullari.com\/index.php\/anlasmalikurumlarimiz\/","title":{"rendered":"Anla\u015fmal\u0131 Kurumlar\u0131m\u0131z"},"content":{"rendered":"\t\t<div data-elementor-type=\"wp-page\" data-elementor-id=\"7531\" class=\"elementor elementor-7531\">\n\t\t\t\t\t\t<section class=\"elementor-section elementor-top-section elementor-element elementor-element-21c1263e elementor-section-boxed elementor-section-height-default elementor-section-height-default\" data-id=\"21c1263e\" data-element_type=\"section\" data-settings=\"{&quot;background_background&quot;:&quot;classic&quot;}\">\n\t\t\t\t\t\t\t<div class=\"elementor-background-overlay\"><\/div>\n\t\t\t\t\t\t\t<div class=\"elementor-container elementor-column-gap-no\">\n\t\t\t\t\t<div class=\"elementor-column elementor-col-100 elementor-top-column elementor-element elementor-element-1c8c0e46\" data-id=\"1c8c0e46\" data-element_type=\"column\">\n\t\t\t<div class=\"elementor-widget-wrap elementor-element-populated\">\n\t\t\t\t\t\t<div class=\"elementor-element elementor-element-7a564f9b elementor-widget elementor-widget-heading\" data-id=\"7a564f9b\" data-element_type=\"widget\" data-widget_type=\"heading.default\">\n\t\t\t\t<div class=\"elementor-widget-container\">\n\t\t\t<style>\/*! elementor - v3.19.0 - 28-02-2024 *\/\n.elementor-heading-title{padding:0;margin:0;line-height:1}.elementor-widget-heading .elementor-heading-title[class*=elementor-size-]>a{color:inherit;font-size:inherit;line-height:inherit}.elementor-widget-heading .elementor-heading-title.elementor-size-small{font-size:15px}.elementor-widget-heading .elementor-heading-title.elementor-size-medium{font-size:19px}.elementor-widget-heading .elementor-heading-title.elementor-size-large{font-size:29px}.elementor-widget-heading .elementor-heading-title.elementor-size-xl{font-size:39px}.elementor-widget-heading .elementor-heading-title.elementor-size-xxl{font-size:59px}<\/style><h1 class=\"elementor-heading-title elementor-size-xxl\">anla\u015fmal\u0131 kurumlar\u0131m\u0131z<\/h1>\t\t<\/div>\n\t\t\t\t<\/div>\n\t\t\t\t\t<\/div>\n\t\t<\/div>\n\t\t\t\t\t<\/div>\n\t\t<\/section>\n\t\t<div class=\"elementor-element elementor-element-c81977b e-flex e-con-boxed e-con e-parent\" data-id=\"c81977b\" data-element_type=\"container\" data-settings=\"{&quot;content_width&quot;:&quot;boxed&quot;}\" data-core-v316-plus=\"true\">\n\t\t\t\t\t<div class=\"e-con-inner\">\n\t\t\t\t<div class=\"elementor-element elementor-element-0086092 gallery-spacing-custom elementor-widget__width-initial elementor-widget elementor-widget-image-gallery\" data-id=\"0086092\" data-element_type=\"widget\" data-widget_type=\"image-gallery.default\">\n\t\t\t\t<div class=\"elementor-widget-container\">\n\t\t\t<style>\/*! elementor - v3.19.0 - 28-02-2024 *\/\n.elementor-image-gallery .gallery-item{display:inline-block;text-align:center;vertical-align:top;width:100%;max-width:100%;margin:0 auto}.elementor-image-gallery .gallery-item img{margin:0 auto}.elementor-image-gallery .gallery-item .gallery-caption{margin:0}.elementor-image-gallery figure img{display:block}.elementor-image-gallery figure figcaption{width:100%}.gallery-spacing-custom .elementor-image-gallery .gallery-icon{padding:0}@media (min-width:768px){.elementor-image-gallery .gallery-columns-2 .gallery-item{max-width:50%}.elementor-image-gallery .gallery-columns-3 .gallery-item{max-width:33.33%}.elementor-image-gallery .gallery-columns-4 .gallery-item{max-width:25%}.elementor-image-gallery .gallery-columns-5 .gallery-item{max-width:20%}.elementor-image-gallery .gallery-columns-6 .gallery-item{max-width:16.666%}.elementor-image-gallery .gallery-columns-7 .gallery-item{max-width:14.28%}.elementor-image-gallery .gallery-columns-8 .gallery-item{max-width:12.5%}.elementor-image-gallery .gallery-columns-9 .gallery-item{max-width:11.11%}.elementor-image-gallery .gallery-columns-10 .gallery-item{max-width:10%}}@media (min-width:480px) and (max-width:767px){.elementor-image-gallery .gallery.gallery-columns-2 .gallery-item,.elementor-image-gallery .gallery.gallery-columns-3 .gallery-item,.elementor-image-gallery .gallery.gallery-columns-4 .gallery-item,.elementor-image-gallery .gallery.gallery-columns-5 .gallery-item,.elementor-image-gallery .gallery.gallery-columns-6 .gallery-item,.elementor-image-gallery .gallery.gallery-columns-7 .gallery-item,.elementor-image-gallery .gallery.gallery-columns-8 .gallery-item,.elementor-image-gallery .gallery.gallery-columns-9 .gallery-item,.elementor-image-gallery .gallery.gallery-columns-10 .gallery-item{max-width:50%}}@media (max-width:479px){.elementor-image-gallery .gallery.gallery-columns-2 .gallery-item,.elementor-image-gallery .gallery.gallery-columns-3 .gallery-item,.elementor-image-gallery .gallery.gallery-columns-4 .gallery-item,.elementor-image-gallery .gallery.gallery-columns-5 .gallery-item,.elementor-image-gallery .gallery.gallery-columns-6 .gallery-item,.elementor-image-gallery .gallery.gallery-columns-7 .gallery-item,.elementor-image-gallery .gallery.gallery-columns-8 .gallery-item,.elementor-image-gallery .gallery.gallery-columns-9 .gallery-item,.elementor-image-gallery .gallery.gallery-columns-10 .gallery-item{max-width:100%}}<\/style>\t\t<div class=\"elementor-image-gallery\">\n\t\t\t\n\t\t<style type=\"text\/css\">\n\t\t\t#gallery-1 {\n\t\t\t\tmargin: auto;\n\t\t\t}\n\t\t\t#gallery-1 .gallery-item {\n\t\t\t\tfloat: left;\n\t\t\t\tmargin-top: 10px;\n\t\t\t\ttext-align: center;\n\t\t\t\twidth: 33%;\n\t\t\t}\n\t\t\t#gallery-1 img {\n\t\t\t\tborder: 2px solid #cfcfcf;\n\t\t\t}\n\t\t\t#gallery-1 .gallery-caption {\n\t\t\t\tmargin-left: 0;\n\t\t\t}\n\t\t\t\/* see gallery_shortcode() in wp-includes\/media.php *\/\n\t\t<\/style>\n\t\t<div id='gallery-1' class='gallery galleryid-7531 gallery-columns-3 gallery-size-medium'><dl class='gallery-item'>\n\t\t\t<dt class='gallery-icon landscape'>\n\t\t\t\t<img fetchpriority=\"high\" decoding=\"async\" width=\"300\" height=\"300\" src=\"https:\/\/humaokullari.com\/wp-content\/uploads\/2024\/02\/ticaretodasi-300x300.png\" class=\"attachment-medium size-medium\" alt=\"\" srcset=\"https:\/\/humaokullari.com\/wp-content\/uploads\/2024\/02\/ticaretodasi-300x300.png 300w, https:\/\/humaokullari.com\/wp-content\/uploads\/2024\/02\/ticaretodasi-150x150.png 150w, https:\/\/humaokullari.com\/wp-content\/uploads\/2024\/02\/ticaretodasi-90x90.png 90w, https:\/\/humaokullari.com\/wp-content\/uploads\/2024\/02\/ticaretodasi-e1706866577669.png 280w\" sizes=\"(max-width: 300px) 100vw, 300px\" \/>\n\t\t\t<\/dt><\/dl><dl class='gallery-item'>\n\t\t\t<dt class='gallery-icon portrait'>\n\t\t\t\t<img decoding=\"async\" width=\"300\" height=\"300\" src=\"https:\/\/humaokullari.com\/wp-content\/uploads\/2024\/02\/memursendika-1-300x300.png\" class=\"attachment-medium size-medium\" alt=\"\" srcset=\"https:\/\/humaokullari.com\/wp-content\/uploads\/2024\/02\/memursendika-1-300x300.png 300w, https:\/\/humaokullari.com\/wp-content\/uploads\/2024\/02\/memursendika-1-150x150.png 150w, https:\/\/humaokullari.com\/wp-content\/uploads\/2024\/02\/memursendika-1-90x90.png 90w, https:\/\/humaokullari.com\/wp-content\/uploads\/2024\/02\/memursendika-1.png 306w\" sizes=\"(max-width: 300px) 100vw, 300px\" \/>\n\t\t\t<\/dt><\/dl><dl class='gallery-item'>\n\t\t\t<dt class='gallery-icon landscape'>\n\t\t\t\t<img decoding=\"async\" width=\"300\" height=\"300\" src=\"https:\/\/humaokullari.com\/wp-content\/uploads\/2024\/02\/kamusen-1-300x300.png\" class=\"attachment-medium size-medium\" alt=\"\" srcset=\"https:\/\/humaokullari.com\/wp-content\/uploads\/2024\/02\/kamusen-1-300x300.png 300w, https:\/\/humaokullari.com\/wp-content\/uploads\/2024\/02\/kamusen-1-150x150.png 150w, https:\/\/humaokullari.com\/wp-content\/uploads\/2024\/02\/kamusen-1-90x90.png 90w, https:\/\/humaokullari.com\/wp-content\/uploads\/2024\/02\/kamusen-1.png 600w\" sizes=\"(max-width: 300px) 100vw, 300px\" \/>\n\t\t\t<\/dt><\/dl><br style=\"clear: both\" \/><dl class='gallery-item'>\n\t\t\t<dt class='gallery-icon landscape'>\n\t\t\t\t<img loading=\"lazy\" decoding=\"async\" width=\"300\" height=\"300\" src=\"https:\/\/humaokullari.com\/wp-content\/uploads\/2024\/02\/konyabarosu-300x300.png\" class=\"attachment-medium size-medium\" alt=\"\" srcset=\"https:\/\/humaokullari.com\/wp-content\/uploads\/2024\/02\/konyabarosu-300x300.png 300w, https:\/\/humaokullari.com\/wp-content\/uploads\/2024\/02\/konyabarosu-150x150.png 150w, https:\/\/humaokullari.com\/wp-content\/uploads\/2024\/02\/konyabarosu-90x90.png 90w, https:\/\/humaokullari.com\/wp-content\/uploads\/2024\/02\/konyabarosu-e1706866626852.png 280w\" sizes=\"(max-width: 300px) 100vw, 300px\" \/>\n\t\t\t<\/dt><\/dl><dl class='gallery-item'>\n\t\t\t<dt class='gallery-icon landscape'>\n\t\t\t\t<img loading=\"lazy\" decoding=\"async\" width=\"300\" height=\"300\" src=\"https:\/\/humaokullari.com\/wp-content\/uploads\/2024\/02\/ticaretborsasi-300x300.png\" class=\"attachment-medium size-medium\" alt=\"\" srcset=\"https:\/\/humaokullari.com\/wp-content\/uploads\/2024\/02\/ticaretborsasi-300x300.png 300w, https:\/\/humaokullari.com\/wp-content\/uploads\/2024\/02\/ticaretborsasi-150x150.png 150w, https:\/\/humaokullari.com\/wp-content\/uploads\/2024\/02\/ticaretborsasi-90x90.png 90w, https:\/\/humaokullari.com\/wp-content\/uploads\/2024\/02\/ticaretborsasi-e1706866586700.png 280w\" sizes=\"(max-width: 300px) 100vw, 300px\" \/>\n\t\t\t<\/dt><\/dl><dl class='gallery-item'>\n\t\t\t<dt class='gallery-icon landscape'>\n\t\t\t\t<img loading=\"lazy\" decoding=\"async\" width=\"300\" height=\"300\" src=\"https:\/\/humaokullari.com\/wp-content\/uploads\/2024\/02\/serbestmuhasebecilerodasi-300x300.png\" class=\"attachment-medium size-medium\" alt=\"\" srcset=\"https:\/\/humaokullari.com\/wp-content\/uploads\/2024\/02\/serbestmuhasebecilerodasi-300x300.png 300w, https:\/\/humaokullari.com\/wp-content\/uploads\/2024\/02\/serbestmuhasebecilerodasi-150x150.png 150w, https:\/\/humaokullari.com\/wp-content\/uploads\/2024\/02\/serbestmuhasebecilerodasi-90x90.png 90w, https:\/\/humaokullari.com\/wp-content\/uploads\/2024\/02\/serbestmuhasebecilerodasi-e1706866603578.png 280w\" sizes=\"(max-width: 300px) 100vw, 300px\" \/>\n\t\t\t<\/dt><\/dl><br style=\"clear: both\" \/><dl class='gallery-item'>\n\t\t\t<dt class='gallery-icon landscape'>\n\t\t\t\t<img loading=\"lazy\" decoding=\"async\" width=\"300\" height=\"300\" src=\"https:\/\/humaokullari.com\/wp-content\/uploads\/2024\/02\/WhatsApp-Gorsel-2024-02-23-saat-12.10.12_94bc50c2-300x300.jpg\" class=\"attachment-medium size-medium\" alt=\"\" srcset=\"https:\/\/humaokullari.com\/wp-content\/uploads\/2024\/02\/WhatsApp-Gorsel-2024-02-23-saat-12.10.12_94bc50c2-300x300.jpg 300w, https:\/\/humaokullari.com\/wp-content\/uploads\/2024\/02\/WhatsApp-Gorsel-2024-02-23-saat-12.10.12_94bc50c2-150x150.jpg 150w, https:\/\/humaokullari.com\/wp-content\/uploads\/2024\/02\/WhatsApp-Gorsel-2024-02-23-saat-12.10.12_94bc50c2-90x90.jpg 90w, https:\/\/humaokullari.com\/wp-content\/uploads\/2024\/02\/WhatsApp-Gorsel-2024-02-23-saat-12.10.12_94bc50c2.jpg 425w\" sizes=\"(max-width: 300px) 100vw, 300px\" \/>\n\t\t\t<\/dt><\/dl><dl class='gallery-item'>\n\t\t\t<dt class='gallery-icon landscape'>\n\t\t\t\t<img loading=\"lazy\" decoding=\"async\" width=\"300\" height=\"300\" src=\"https:\/\/humaokullari.com\/wp-content\/uploads\/2024\/02\/bakkallar-300x300.png\" class=\"attachment-medium size-medium\" alt=\"\" srcset=\"https:\/\/humaokullari.com\/wp-content\/uploads\/2024\/02\/bakkallar-300x300.png 300w, https:\/\/humaokullari.com\/wp-content\/uploads\/2024\/02\/bakkallar-150x150.png 150w, https:\/\/humaokullari.com\/wp-content\/uploads\/2024\/02\/bakkallar-90x90.png 90w, https:\/\/humaokullari.com\/wp-content\/uploads\/2024\/02\/bakkallar-e1706866665335.png 280w\" sizes=\"(max-width: 300px) 100vw, 300px\" \/>\n\t\t\t<\/dt><\/dl><dl class='gallery-item'>\n\t\t\t<dt class='gallery-icon landscape'>\n\t\t\t\t<img loading=\"lazy\" decoding=\"async\" width=\"300\" height=\"300\" src=\"https:\/\/humaokullari.com\/wp-content\/uploads\/2024\/02\/soforlerodasi-300x300.png\" class=\"attachment-medium size-medium\" alt=\"\" srcset=\"https:\/\/humaokullari.com\/wp-content\/uploads\/2024\/02\/soforlerodasi-300x300.png 300w, https:\/\/humaokullari.com\/wp-content\/uploads\/2024\/02\/soforlerodasi-150x150.png 150w, https:\/\/humaokullari.com\/wp-content\/uploads\/2024\/02\/soforlerodasi-90x90.png 90w, https:\/\/humaokullari.com\/wp-content\/uploads\/2024\/02\/soforlerodasi-e1706866594676.png 280w\" sizes=\"(max-width: 300px) 100vw, 300px\" \/>\n\t\t\t<\/dt><\/dl><br style=\"clear: both\" \/><dl class='gallery-item'>\n\t\t\t<dt class='gallery-icon landscape'>\n\t\t\t\t<img loading=\"lazy\" decoding=\"async\" width=\"300\" height=\"300\" src=\"https:\/\/humaokullari.com\/wp-content\/uploads\/2024\/02\/berberlerodasi-300x300.png\" class=\"attachment-medium size-medium\" alt=\"\" srcset=\"https:\/\/humaokullari.com\/wp-content\/uploads\/2024\/02\/berberlerodasi-300x300.png 300w, https:\/\/humaokullari.com\/wp-content\/uploads\/2024\/02\/berberlerodasi-150x150.png 150w, https:\/\/humaokullari.com\/wp-content\/uploads\/2024\/02\/berberlerodasi-90x90.png 90w, https:\/\/humaokullari.com\/wp-content\/uploads\/2024\/02\/berberlerodasi-e1706866657267.png 280w\" sizes=\"(max-width: 300px) 100vw, 300px\" \/>\n\t\t\t<\/dt><\/dl><dl class='gallery-item'>\n\t\t\t<dt class='gallery-icon landscape'>\n\t\t\t\t<img loading=\"lazy\" decoding=\"async\" width=\"300\" height=\"300\" src=\"https:\/\/humaokullari.com\/wp-content\/uploads\/2024\/02\/elektrikcilerodasi-300x300.png\" class=\"attachment-medium size-medium\" alt=\"\" srcset=\"https:\/\/humaokullari.com\/wp-content\/uploads\/2024\/02\/elektrikcilerodasi-300x300.png 300w, https:\/\/humaokullari.com\/wp-content\/uploads\/2024\/02\/elektrikcilerodasi-150x150.png 150w, https:\/\/humaokullari.com\/wp-content\/uploads\/2024\/02\/elektrikcilerodasi-90x90.png 90w, https:\/\/humaokullari.com\/wp-content\/uploads\/2024\/02\/elektrikcilerodasi-e1706866650575.png 280w\" sizes=\"(max-width: 300px) 100vw, 300px\" \/>\n\t\t\t<\/dt><\/dl><dl class='gallery-item'>\n\t\t\t<dt class='gallery-icon landscape'>\n\t\t\t\t<img loading=\"lazy\" decoding=\"async\" width=\"300\" height=\"300\" src=\"https:\/\/humaokullari.com\/wp-content\/uploads\/2024\/02\/kaynakototamir.png\" class=\"attachment-medium size-medium\" alt=\"\" srcset=\"https:\/\/humaokullari.com\/wp-content\/uploads\/2024\/02\/kaynakototamir.png 300w, https:\/\/humaokullari.com\/wp-content\/uploads\/2024\/02\/kaynakototamir-150x150.png 150w, https:\/\/humaokullari.com\/wp-content\/uploads\/2024\/02\/kaynakototamir-90x90.png 90w\" sizes=\"(max-width: 300px) 100vw, 300px\" \/>\n\t\t\t<\/dt><\/dl><br style=\"clear: both\" \/><dl class='gallery-item'>\n\t\t\t<dt class='gallery-icon landscape'>\n\t\t\t\t<img loading=\"lazy\" decoding=\"async\" width=\"225\" height=\"225\" src=\"https:\/\/humaokullari.com\/wp-content\/uploads\/2024\/02\/WhatsApp-Gorsel-2024-02-16-saat-15.54.43_4e859c65.jpg\" class=\"attachment-medium size-medium\" alt=\"\" srcset=\"https:\/\/humaokullari.com\/wp-content\/uploads\/2024\/02\/WhatsApp-Gorsel-2024-02-16-saat-15.54.43_4e859c65.jpg 225w, https:\/\/humaokullari.com\/wp-content\/uploads\/2024\/02\/WhatsApp-Gorsel-2024-02-16-saat-15.54.43_4e859c65-150x150.jpg 150w, https:\/\/humaokullari.com\/wp-content\/uploads\/2024\/02\/WhatsApp-Gorsel-2024-02-16-saat-15.54.43_4e859c65-90x90.jpg 90w\" sizes=\"(max-width: 225px) 100vw, 225px\" \/>\n\t\t\t<\/dt><\/dl><dl class='gallery-item'>\n\t\t\t<dt class='gallery-icon landscape'>\n\t\t\t\t<img loading=\"lazy\" decoding=\"async\" width=\"300\" height=\"300\" src=\"https:\/\/humaokullari.com\/wp-content\/uploads\/2024\/02\/WhatsApp-Gorsel-2024-02-20-saat-11.44.59_bf76c84d-300x300.jpg\" class=\"attachment-medium size-medium\" alt=\"\" srcset=\"https:\/\/humaokullari.com\/wp-content\/uploads\/2024\/02\/WhatsApp-Gorsel-2024-02-20-saat-11.44.59_bf76c84d-300x300.jpg 300w, https:\/\/humaokullari.com\/wp-content\/uploads\/2024\/02\/WhatsApp-Gorsel-2024-02-20-saat-11.44.59_bf76c84d-1024x1024.jpg 1024w, https:\/\/humaokullari.com\/wp-content\/uploads\/2024\/02\/WhatsApp-Gorsel-2024-02-20-saat-11.44.59_bf76c84d-150x150.jpg 150w, https:\/\/humaokullari.com\/wp-content\/uploads\/2024\/02\/WhatsApp-Gorsel-2024-02-20-saat-11.44.59_bf76c84d-768x768.jpg 768w, https:\/\/humaokullari.com\/wp-content\/uploads\/2024\/02\/WhatsApp-Gorsel-2024-02-20-saat-11.44.59_bf76c84d-90x90.jpg 90w, https:\/\/humaokullari.com\/wp-content\/uploads\/2024\/02\/WhatsApp-Gorsel-2024-02-20-saat-11.44.59_bf76c84d.jpg 1284w\" sizes=\"(max-width: 300px) 100vw, 300px\" \/>\n\t\t\t<\/dt><\/dl><dl class='gallery-item'>\n\t\t\t<dt class='gallery-icon landscape'>\n\t\t\t\t<img loading=\"lazy\" decoding=\"async\" width=\"275\" height=\"183\" src=\"https:\/\/humaokullari.com\/wp-content\/uploads\/2024\/02\/WhatsApp-Gorsel-2024-02-21-saat-09.29.48_10a23adc.jpg\" class=\"attachment-medium size-medium\" alt=\"\" \/>\n\t\t\t<\/dt><\/dl><br style=\"clear: both\" \/><dl class='gallery-item'>\n\t\t\t<dt class='gallery-icon landscape'>\n\t\t\t\t<img loading=\"lazy\" decoding=\"async\" width=\"300\" height=\"300\" src=\"https:\/\/humaokullari.com\/wp-content\/uploads\/2024\/02\/tmmo.png\" class=\"attachment-medium size-medium\" alt=\"\" srcset=\"https:\/\/humaokullari.com\/wp-content\/uploads\/2024\/02\/tmmo.png 300w, https:\/\/humaokullari.com\/wp-content\/uploads\/2024\/02\/tmmo-150x150.png 150w, https:\/\/humaokullari.com\/wp-content\/uploads\/2024\/02\/tmmo-90x90.png 90w\" sizes=\"(max-width: 300px) 100vw, 300px\" \/>\n\t\t\t<\/dt><\/dl><dl class='gallery-item'>\n\t\t\t<dt class='gallery-icon landscape'>\n\t\t\t\t<img loading=\"lazy\" decoding=\"async\" width=\"300\" height=\"300\" src=\"https:\/\/humaokullari.com\/wp-content\/uploads\/2024\/02\/kavvecilervecayocaklari-300x300.png\" class=\"attachment-medium size-medium\" alt=\"\" srcset=\"https:\/\/humaokullari.com\/wp-content\/uploads\/2024\/02\/kavvecilervecayocaklari-300x300.png 300w, https:\/\/humaokullari.com\/wp-content\/uploads\/2024\/02\/kavvecilervecayocaklari-150x150.png 150w, https:\/\/humaokullari.com\/wp-content\/uploads\/2024\/02\/kavvecilervecayocaklari-90x90.png 90w, https:\/\/humaokullari.com\/wp-content\/uploads\/2024\/02\/kavvecilervecayocaklari-e1706866633269.png 280w\" sizes=\"(max-width: 300px) 100vw, 300px\" \/>\n\t\t\t<\/dt><\/dl><dl class='gallery-item'>\n\t\t\t<dt class='gallery-icon landscape'>\n\t\t\t\t<img loading=\"lazy\" decoding=\"async\" width=\"300\" height=\"300\" src=\"https:\/\/humaokullari.com\/wp-content\/uploads\/2024\/02\/pidecilerveyufkacilar-300x300.png\" class=\"attachment-medium size-medium\" alt=\"\" srcset=\"https:\/\/humaokullari.com\/wp-content\/uploads\/2024\/02\/pidecilerveyufkacilar-300x300.png 300w, https:\/\/humaokullari.com\/wp-content\/uploads\/2024\/02\/pidecilerveyufkacilar-150x150.png 150w, https:\/\/humaokullari.com\/wp-content\/uploads\/2024\/02\/pidecilerveyufkacilar-90x90.png 90w, https:\/\/humaokullari.com\/wp-content\/uploads\/2024\/02\/pidecilerveyufkacilar-e1706866611604.png 280w\" sizes=\"(max-width: 300px) 100vw, 300px\" \/>\n\t\t\t<\/dt><\/dl><br style=\"clear: both\" \/><dl class='gallery-item'>\n\t\t\t<dt class='gallery-icon landscape'>\n\t\t\t\t<img loading=\"lazy\" decoding=\"async\" width=\"300\" height=\"300\" src=\"https:\/\/humaokullari.com\/wp-content\/uploads\/2024\/06\/tecsen-300x300.jpg\" class=\"attachment-medium size-medium\" alt=\"\" srcset=\"https:\/\/humaokullari.com\/wp-content\/uploads\/2024\/06\/tecsen-300x300.jpg 300w, https:\/\/humaokullari.com\/wp-content\/uploads\/2024\/06\/tecsen-150x150.jpg 150w, https:\/\/humaokullari.com\/wp-content\/uploads\/2024\/06\/tecsen-90x90.jpg 90w, https:\/\/humaokullari.com\/wp-content\/uploads\/2024\/06\/tecsen.jpg 400w\" sizes=\"(max-width: 300px) 100vw, 300px\" \/>\n\t\t\t<\/dt><\/dl><dl class='gallery-item'>\n\t\t\t<dt class='gallery-icon landscape'>\n\t\t\t\t<img loading=\"lazy\" decoding=\"async\" width=\"300\" height=\"122\" src=\"https:\/\/humaokullari.com\/wp-content\/uploads\/2024\/06\/kop-300x122.jpg\" class=\"attachment-medium size-medium\" alt=\"\" srcset=\"https:\/\/humaokullari.com\/wp-content\/uploads\/2024\/06\/kop-300x122.jpg 300w, https:\/\/humaokullari.com\/wp-content\/uploads\/2024\/06\/kop.jpg 352w\" sizes=\"(max-width: 300px) 100vw, 300px\" \/>\n\t\t\t<\/dt><\/dl>\n\t\t\t<br style='clear: both' \/>\n\t\t<\/div>\n\t\t<\/div>\n\t\t\t\t<\/div>\n\t\t\t\t<\/div>\n\t\t\t\t\t<\/div>\n\t\t\t\t<\/div>\n\t\t\t\t<\/div>\n\t\t","protected":false},"excerpt":{"rendered":"<div class=\"tmnf_excerpt\"><p>anla\u015fmal\u0131 kurumlar\u0131m\u0131z<\/p>\n<\/div>","protected":false},"author":1,"featured_media":0,"parent":0,"menu_order":0,"comment_status":"closed","ping_status":"closed","template":"elementor_header_footer","meta":{"_monsterinsights_skip_tracking":false,"_monsterinsights_sitenote_active":false,"_monsterinsights_sitenote_note":"","_monsterinsights_sitenote_category":0,"footnotes":""},"class_list":["post-7531","page","type-page","status-publish","hentry"],"acf":[],"aioseo_notices":[],"_links":{"self":[{"href":"https:\/\/humaokullari.com\/index.php\/wp-json\/wp\/v2\/pages\/7531","targetHints":{"allow":["GET"]}}],"collection":[{"href":"https:\/\/humaokullari.com\/index.php\/wp-json\/wp\/v2\/pages"}],"about":[{"href":"https:\/\/humaokullari.com\/index.php\/wp-json\/wp\/v2\/types\/page"}],"author":[{"embeddable":true,"href":"https:\/\/humaokullari.com\/index.php\/wp-json\/wp\/v2\/users\/1"}],"replies":[{"embeddable":true,"href":"https:\/\/humaokullari.com\/index.php\/wp-json\/wp\/v2\/comments?post=7531"}],"version-history":[{"count":43,"href":"https:\/\/humaokullari.com\/index.php\/wp-json\/wp\/v2\/pages\/7531\/revisions"}],"predecessor-version":[{"id":9119,"href":"https:\/\/humaokullari.com\/index.php\/wp-json\/wp\/v2\/pages\/7531\/revisions\/9119"}],"wp:attachment":[{"href":"https:\/\/humaokullari.com\/index.php\/wp-json\/wp\/v2\/media?parent=7531"}],"curies":[{"name":"wp","href":"https:\/\/api.w.org\/{rel}","templated":true}]}}