{"id":7553,"date":"2018-05-28T12:58:31","date_gmt":"2018-05-28T09:58:31","guid":{"rendered":"https:\/\/webdemo.humaokullari.com\/?page_id=7553"},"modified":"2025-07-10T14:42:26","modified_gmt":"2025-07-10T11:42:26","slug":"yemeklistemiz","status":"publish","type":"page","link":"https:\/\/humaokullari.com\/index.php\/yemeklistemiz\/","title":{"rendered":"Yemek Listemiz"},"content":{"rendered":"\t\t<div data-elementor-type=\"wp-page\" data-elementor-id=\"7553\" class=\"elementor elementor-7553\">\n\t\t\t\t\t\t<section class=\"elementor-section elementor-top-section elementor-element elementor-element-21c1263e elementor-section-boxed elementor-section-height-default elementor-section-height-default\" data-id=\"21c1263e\" data-element_type=\"section\" data-settings=\"{&quot;background_background&quot;:&quot;classic&quot;}\">\n\t\t\t\t\t\t\t<div class=\"elementor-background-overlay\"><\/div>\n\t\t\t\t\t\t\t<div class=\"elementor-container elementor-column-gap-no\">\n\t\t\t\t\t<div class=\"elementor-column elementor-col-100 elementor-top-column elementor-element elementor-element-1c8c0e46\" data-id=\"1c8c0e46\" data-element_type=\"column\">\n\t\t\t<div class=\"elementor-widget-wrap elementor-element-populated\">\n\t\t\t\t\t\t<div class=\"elementor-element elementor-element-7a564f9b elementor-widget elementor-widget-heading\" data-id=\"7a564f9b\" data-element_type=\"widget\" data-widget_type=\"heading.default\">\n\t\t\t\t<div class=\"elementor-widget-container\">\n\t\t\t<style>\/*! elementor - v3.19.0 - 28-02-2024 *\/\n.elementor-heading-title{padding:0;margin:0;line-height:1}.elementor-widget-heading .elementor-heading-title[class*=elementor-size-]>a{color:inherit;font-size:inherit;line-height:inherit}.elementor-widget-heading .elementor-heading-title.elementor-size-small{font-size:15px}.elementor-widget-heading .elementor-heading-title.elementor-size-medium{font-size:19px}.elementor-widget-heading .elementor-heading-title.elementor-size-large{font-size:29px}.elementor-widget-heading .elementor-heading-title.elementor-size-xl{font-size:39px}.elementor-widget-heading .elementor-heading-title.elementor-size-xxl{font-size:59px}<\/style><h1 class=\"elementor-heading-title elementor-size-xxl\">Yemek listemiz<\/h1>\t\t<\/div>\n\t\t\t\t<\/div>\n\t\t\t\t\t<\/div>\n\t\t<\/div>\n\t\t\t\t\t<\/div>\n\t\t<\/section>\n\t\t<div class=\"elementor-element elementor-element-12b901a e-flex e-con-boxed e-con e-parent\" data-id=\"12b901a\" data-element_type=\"container\" data-settings=\"{&quot;content_width&quot;:&quot;boxed&quot;}\" data-core-v316-plus=\"true\">\n\t\t\t\t\t<div class=\"e-con-inner\">\n\t\t\t\t<div class=\"elementor-element elementor-element-8e619c1 elementor-widget elementor-widget-text-editor\" data-id=\"8e619c1\" data-element_type=\"widget\" data-widget_type=\"text-editor.default\">\n\t\t\t\t<div class=\"elementor-widget-container\">\n\t\t\t<style>\/*! elementor - v3.19.0 - 28-02-2024 *\/\n.elementor-widget-text-editor.elementor-drop-cap-view-stacked .elementor-drop-cap{background-color:#69727d;color:#fff}.elementor-widget-text-editor.elementor-drop-cap-view-framed .elementor-drop-cap{color:#69727d;border:3px solid;background-color:transparent}.elementor-widget-text-editor:not(.elementor-drop-cap-view-default) .elementor-drop-cap{margin-top:8px}.elementor-widget-text-editor:not(.elementor-drop-cap-view-default) .elementor-drop-cap-letter{width:1em;height:1em}.elementor-widget-text-editor .elementor-drop-cap{float:left;text-align:center;line-height:1;font-size:50px}.elementor-widget-text-editor .elementor-drop-cap-letter{display:inline-block}<\/style>\t\t\t\t\n<table id=\"tablepress-4\" class=\"tablepress tablepress-id-4\">\n<thead>\n<tr class=\"row-1 odd\">\n\t<th class=\"column-1\">TAR\u0130H<\/th><th class=\"column-2\">\u00c7ORBA<\/th><th class=\"column-3\">ANA YEMEK<\/th><th class=\"column-4\">YARDIMCI YEMEK<\/th><th class=\"column-5\">4.\u00c7E\u015e\u0130T<\/th><th class=\"column-6\"><\/th><th class=\"column-7\"><\/th><th class=\"column-8\"><\/th>\n<\/tr>\n<\/thead>\n<tbody class=\"row-hover\">\n<tr class=\"row-2 even\">\n\t<td class=\"column-1\">1 Nisan 2026 \u00c7ar\u015famba<\/td><td class=\"column-2\">K\u00d6Z B\u0130BER \u00c7ORBA<\/td><td class=\"column-3\">BUT IZGARA<\/td><td class=\"column-4\">\u0130\u00c7 P\u0130LAV<\/td><td class=\"column-5\">SALATA<\/td><td class=\"column-6\"><\/td><td class=\"column-7\"><\/td><td class=\"column-8\"><\/td>\n<\/tr>\n<tr class=\"row-3 odd\">\n\t<td class=\"column-1\">2 Nisan 2026 Per\u015fembe<\/td><td class=\"column-2\">MAHLUTA \u00c7ORBA<\/td><td class=\"column-3\">B\u0130BER DOLMA<\/td><td class=\"column-4\">SOSLU MAKARNA<\/td><td class=\"column-5\">KASE YOGURT<\/td><td class=\"column-6\"><\/td><td class=\"column-7\"><\/td><td class=\"column-8\"><\/td>\n<\/tr>\n<tr class=\"row-4 even\">\n\t<td class=\"column-1\">3 Nisan 2026 Cuma<\/td><td class=\"column-2\">YAYLA \u00c7ORBASI<\/td><td class=\"column-3\">ETLI PATATES YEMEGI<\/td><td class=\"column-4\">BULGUR PILAVI<\/td><td class=\"column-5\">TATLI<\/td><td class=\"column-6\"><\/td><td class=\"column-7\"><\/td><td class=\"column-8\"><\/td>\n<\/tr>\n<tr class=\"row-5 odd\">\n\t<td class=\"column-1\">4 Nisan 2026 Cumartesi<\/td><td class=\"column-2\">DOMATES \u00c7ORBASI<\/td><td class=\"column-3\">\u015eAK\u015eUKA<\/td><td class=\"column-4\">KOL B\u00d6REG\u0130<\/td><td class=\"column-5\">S\u00dcZME YO\u011eURT<\/td><td class=\"column-6\"><\/td><td class=\"column-7\"><\/td><td class=\"column-8\"><\/td>\n<\/tr>\n<tr class=\"row-6 even\">\n\t<td class=\"column-1\">6 Nisan 2026 Pazartesi<\/td><td class=\"column-2\">EZOGEL\u0130N \u00c7ORBASI<\/td><td class=\"column-3\">\u0130ZM\u0130R K\u00d6FTE<\/td><td class=\"column-4\">BULGUR P\u0130LAVI<\/td><td class=\"column-5\">AYRAN<\/td><td class=\"column-6\"><\/td><td class=\"column-7\"><\/td><td class=\"column-8\"><\/td>\n<\/tr>\n<tr class=\"row-7 odd\">\n\t<td class=\"column-1\">7 Nisan 2026 Sal\u0131<\/td><td class=\"column-2\">ETL\u0130 NOHUT<\/td><td class=\"column-3\">P\u0130R\u0130N\u00c7 P\u0130LAVI<\/td><td class=\"column-4\">TUR\u015eU<\/td><td class=\"column-5\">EKMEK KADAYIFI<\/td><td class=\"column-6\"><\/td><td class=\"column-7\"><\/td><td class=\"column-8\"><\/td>\n<\/tr>\n<tr class=\"row-8 even\">\n\t<td class=\"column-1\">8 Nisan 2026 \u00c7ar\u015famba<\/td><td class=\"column-2\">ARPA \u015eEHR\u0130YE \u00c7ORBASI<\/td><td class=\"column-3\">TAVUK FAJ\u0130TA<\/td><td class=\"column-4\">ER\u0130\u015eTE<\/td><td class=\"column-5\">SALATA<\/td><td class=\"column-6\"><\/td><td class=\"column-7\"><\/td><td class=\"column-8\"><\/td>\n<\/tr>\n<tr class=\"row-9 odd\">\n\t<td class=\"column-1\">9 Nisan 2026 Per\u015fembe<\/td><td class=\"column-2\">ARABA\u015eI \u00c7ORBASI<\/td><td class=\"column-3\">MEVS\u0130M T\u00dcRL\u00dc<\/td><td class=\"column-4\">G\u00dcL B\u00d6REG\u0130<\/td><td class=\"column-5\">PROF\u0130TEROL<\/td><td class=\"column-6\"><\/td><td class=\"column-7\"><\/td><td class=\"column-8\"><\/td>\n<\/tr>\n<tr class=\"row-10 even\">\n\t<td class=\"column-1\">10 Nisan 2026 Cuma<\/td><td class=\"column-2\">TARHANA \u00c7ORBASI<\/td><td class=\"column-3\">SEBZEL\u0130 ET SOTE<\/td><td class=\"column-4\">P\u0130R\u0130N\u00c7 P\u0130LAVI<\/td><td class=\"column-5\">MEYVE<\/td><td class=\"column-6\"><\/td><td class=\"column-7\"><\/td><td class=\"column-8\"><\/td>\n<\/tr>\n<tr class=\"row-11 odd\">\n\t<td class=\"column-1\">11 Nisan 2026 Cumartesi<\/td><td class=\"column-2\">MERC\u0130MEK \u00c7ORBASI<\/td><td class=\"column-3\">SINITZEL\/FIRIN PATATES<\/td><td class=\"column-4\">SPAGETTI<\/td><td class=\"column-5\">MEYVE SUYU<\/td><td class=\"column-6\"><\/td><td class=\"column-7\"><\/td><td class=\"column-8\"><\/td>\n<\/tr>\n<tr class=\"row-12 even\">\n\t<td class=\"column-1\">13 Nisan 2026 Pazartesi<\/td><td class=\"column-2\">MERCIMEK CORBA<\/td><td class=\"column-3\">ET D\u00d6NER<\/td><td class=\"column-4\">NOHUTLU P\u0130LAV<\/td><td class=\"column-5\">GAZLI \u0130\u00c7ECEK<\/td><td class=\"column-6\"><\/td><td class=\"column-7\"><\/td><td class=\"column-8\"><\/td>\n<\/tr>\n<tr class=\"row-13 odd\">\n\t<td class=\"column-1\">14 Nisan 2026 Sal\u0131<\/td><td class=\"column-2\">ETL\u0130 KURU FASULYE<\/td><td class=\"column-3\">SEHR\u0130YEL\u0130 P\u0130LAV<\/td><td class=\"column-4\">PEMBE SULTAN<\/td><td class=\"column-5\">YA\u015e PASTA<\/td><td class=\"column-6\"><\/td><td class=\"column-7\"><\/td><td class=\"column-8\"><\/td>\n<\/tr>\n<tr class=\"row-14 even\">\n\t<td class=\"column-1\">15 Nisan 2026 \u00c7ar\u015famba<\/td><td class=\"column-2\">TEL \u015eEHR\u0130YE \u00c7ORBASI<\/td><td class=\"column-3\">TAVUK HA\u015eLAMA<\/td><td class=\"column-4\">\u0130\u00c7 PILAV<\/td><td class=\"column-5\">SALATA<\/td><td class=\"column-6\"><\/td><td class=\"column-7\"><\/td><td class=\"column-8\"><\/td>\n<\/tr>\n<tr class=\"row-15 odd\">\n\t<td class=\"column-1\">16 Nisan 2026 Per\u015fembe<\/td><td class=\"column-2\">EZOGEL\u0130N \u00c7ORBASI<\/td><td class=\"column-3\">PATATES MUSAKKA<\/td><td class=\"column-4\">ER\u0130STE<\/td><td class=\"column-5\">SARAY MUHALLEB\u0130S\u0130<\/td><td class=\"column-6\"><\/td><td class=\"column-7\"><\/td><td class=\"column-8\"><\/td>\n<\/tr>\n<tr class=\"row-16 even\">\n\t<td class=\"column-1\">17 Nisan 2026 Cuma<\/td><td class=\"column-2\">YAYLA \u00c7ORBASI<\/td><td class=\"column-3\">P\u0130LAV \u00dcSTU KAVURMA<\/td><td class=\"column-4\">\u0130RM\u0130K HELVASI<\/td><td class=\"column-5\">MEYVE SUYU<\/td><td class=\"column-6\"><\/td><td class=\"column-7\"><\/td><td class=\"column-8\"><\/td>\n<\/tr>\n<tr class=\"row-17 odd\">\n\t<td class=\"column-1\">18 Nisan 2026 Cumartesi<\/td><td class=\"column-2\">EZOGEL\u0130N \u00c7ORBASI<\/td><td class=\"column-3\">MANTI<\/td><td class=\"column-4\">\u0130\u00c7L\u0130 K\u00d6FTE<\/td><td class=\"column-5\">SALATA<\/td><td class=\"column-6\"><\/td><td class=\"column-7\"><\/td><td class=\"column-8\"><\/td>\n<\/tr>\n<tr class=\"row-18 even\">\n\t<td class=\"column-1\">20 Nisan 2026 Pazartesi<\/td><td class=\"column-2\">TEL \u015eEHR\u0130YE \u00c7ORBASI<\/td><td class=\"column-3\">IZGARA K\u00d6FTE\/PATATES<\/td><td class=\"column-4\">SPAGETTI<\/td><td class=\"column-5\">SALATA<\/td><td class=\"column-6\"><\/td><td class=\"column-7\"><\/td><td class=\"column-8\"><\/td>\n<\/tr>\n<tr class=\"row-19 odd\">\n\t<td class=\"column-1\">21 Nisan 2026 Sal\u0131<\/td><td class=\"column-2\">ETL\u0130 NOHUT<\/td><td class=\"column-3\">P\u0130R\u0130N\u00c7 P\u0130LAVI<\/td><td class=\"column-4\">TUR\u015eU<\/td><td class=\"column-5\">KALBURA BASTI<\/td><td class=\"column-6\"><\/td><td class=\"column-7\"><\/td><td class=\"column-8\"><\/td>\n<\/tr>\n<tr class=\"row-20 even\">\n\t<td class=\"column-1\">22 Nisan 2026 \u00c7ar\u015famba<\/td><td class=\"column-2\">SEBZE \u00c7ORBASI<\/td><td class=\"column-3\">MACAR GULA\u015e<\/td><td class=\"column-4\">\u015eEHR\u0130YE P\u0130LAVI<\/td><td class=\"column-5\">SALATA<\/td><td class=\"column-6\"><\/td><td class=\"column-7\"><\/td><td class=\"column-8\"><\/td>\n<\/tr>\n<tr class=\"row-21 odd\">\n\t<td class=\"column-1\">23 Nisan 2026 Per\u015fembe<\/td><td class=\"column-2\">TAVUK SUYU \u00c7ORBASI<\/td><td class=\"column-3\">KARI\u015eIK KIZARTMA<\/td><td class=\"column-4\">FES.SOSLU MAK.<\/td><td class=\"column-5\">S\u00dcZME YO\u011eURT<\/td><td class=\"column-6\"><\/td><td class=\"column-7\"><\/td><td class=\"column-8\"><\/td>\n<\/tr>\n<tr class=\"row-22 even\">\n\t<td class=\"column-1\">24 Nisan 2026 Cuma<\/td><td class=\"column-2\">MERCIMEK CORBA<\/td><td class=\"column-3\">MANTARLI TAVUK SOTE<\/td><td class=\"column-4\">BULGUR PILAVI<\/td><td class=\"column-5\">KADAYIFLI MUHALLEB\u0130<\/td><td class=\"column-6\"><\/td><td class=\"column-7\"><\/td><td class=\"column-8\"><\/td>\n<\/tr>\n<tr class=\"row-23 odd\">\n\t<td class=\"column-1\">25 Nisan 2026 Cumartesi<\/td><td class=\"column-2\">EZOGEL\u0130N \u00c7ORBASI<\/td><td class=\"column-3\">TAVUK D\u00d6NER<\/td><td class=\"column-4\">P\u0130R\u0130NC P\u0130LAVI<\/td><td class=\"column-5\">AYRAN<\/td><td class=\"column-6\"><\/td><td class=\"column-7\"><\/td><td class=\"column-8\"><\/td>\n<\/tr>\n<tr class=\"row-24 even\">\n\t<td class=\"column-1\">27 Nisan 2026 Pazartesi<\/td><td class=\"column-2\">S\u00dcZME MERCIMEK COR.<\/td><td class=\"column-3\">ROSTO K\u00d6FTE<\/td><td class=\"column-4\">BULGUR P\u0130LAVI<\/td><td class=\"column-5\">HAVU\u00c7 TARATOR<\/td><td class=\"column-6\"><\/td><td class=\"column-7\"><\/td><td class=\"column-8\"><\/td>\n<\/tr>\n<tr class=\"row-25 odd\">\n\t<td class=\"column-1\">28 Nisan 2026 Sal\u0131<\/td><td class=\"column-2\">YAYLA \u00c7ORBASI<\/td><td class=\"column-3\">ETL\u0130 KURU FASULYE<\/td><td class=\"column-4\">P\u0130R\u0130NC P\u0130LAVI<\/td><td class=\"column-5\">TRAM\u0130SU<\/td><td class=\"column-6\"><\/td><td class=\"column-7\"><\/td><td class=\"column-8\"><\/td>\n<\/tr>\n<tr class=\"row-26 even\">\n\t<td class=\"column-1\">29 Nisan 2026 \u00c7ar\u015famba<\/td><td class=\"column-2\">ANDALOZ \u00c7ORBA<\/td><td class=\"column-3\">P\u0130L\u0130\u00c7 P\u0130RZOLA<\/td><td class=\"column-4\">ER\u0130\u015eTE<\/td><td class=\"column-5\">MEVS\u0130M SALATA<\/td><td class=\"column-6\"><\/td><td class=\"column-7\"><\/td><td class=\"column-8\"><\/td>\n<\/tr>\n<tr class=\"row-27 odd\">\n\t<td class=\"column-1\">30 Nisan 2026 Per\u015fembe<\/td><td class=\"column-2\">EZOGEL\u0130N \u00c7ORBASI<\/td><td class=\"column-3\">PATLICAN MUSAKKA<\/td><td class=\"column-4\">\u015eEHR\u0130YEL\u0130 P\u0130LAV<\/td><td class=\"column-5\">CACIK<\/td><td class=\"column-6\"><\/td><td class=\"column-7\"><\/td><td class=\"column-8\"><\/td>\n<\/tr>\n<\/tbody>\n<\/table>\n<!-- #tablepress-4 from cache -->\t\t\t\t\t\t<\/div>\n\t\t\t\t<\/div>\n\t\t\t\t\t<\/div>\n\t\t\t\t<\/div>\n\t\t\t\t<\/div>\n\t\t","protected":false},"excerpt":{"rendered":"<div class=\"tmnf_excerpt\"><p>Yemek listemiz<\/p>\n<\/div>","protected":false},"author":1,"featured_media":0,"parent":0,"menu_order":0,"comment_status":"closed","ping_status":"closed","template":"elementor_header_footer","meta":{"_monsterinsights_skip_tracking":false,"_monsterinsights_sitenote_active":false,"_monsterinsights_sitenote_note":"","_monsterinsights_sitenote_category":0,"footnotes":""},"class_list":["post-7553","page","type-page","status-publish","hentry"],"acf":[],"aioseo_notices":[],"_links":{"self":[{"href":"https:\/\/humaokullari.com\/index.php\/wp-json\/wp\/v2\/pages\/7553","targetHints":{"allow":["GET"]}}],"collection":[{"href":"https:\/\/humaokullari.com\/index.php\/wp-json\/wp\/v2\/pages"}],"about":[{"href":"https:\/\/humaokullari.com\/index.php\/wp-json\/wp\/v2\/types\/page"}],"author":[{"embeddable":true,"href":"https:\/\/humaokullari.com\/index.php\/wp-json\/wp\/v2\/users\/1"}],"replies":[{"embeddable":true,"href":"https:\/\/humaokullari.com\/index.php\/wp-json\/wp\/v2\/comments?post=7553"}],"version-history":[{"count":10,"href":"https:\/\/humaokullari.com\/index.php\/wp-json\/wp\/v2\/pages\/7553\/revisions"}],"predecessor-version":[{"id":9653,"href":"https:\/\/humaokullari.com\/index.php\/wp-json\/wp\/v2\/pages\/7553\/revisions\/9653"}],"wp:attachment":[{"href":"https:\/\/humaokullari.com\/index.php\/wp-json\/wp\/v2\/media?parent=7553"}],"curies":[{"name":"wp","href":"https:\/\/api.w.org\/{rel}","templated":true}]}}