{"id":9968,"date":"2026-04-22T14:42:41","date_gmt":"2026-04-22T11:42:41","guid":{"rendered":"https:\/\/humaokullari.com\/?page_id=9968"},"modified":"2026-04-22T14:42:42","modified_gmt":"2026-04-22T11:42:42","slug":"veli-gorusleri","status":"publish","type":"page","link":"https:\/\/humaokullari.com\/index.php\/veli-gorusleri\/","title":{"rendered":"Veli G\u00f6r\u00fc\u015fleri"},"content":{"rendered":"\n<p>Yak\u0131nda&#8230;<\/p>\n","protected":false},"excerpt":{"rendered":"<div class=\"tmnf_excerpt\"><p>Yak\u0131nda&#8230;<\/p>\n<\/div>","protected":false},"author":1,"featured_media":0,"parent":0,"menu_order":0,"comment_status":"closed","ping_status":"closed","template":"","meta":{"_monsterinsights_skip_tracking":false,"_monsterinsights_sitenote_active":false,"_monsterinsights_sitenote_note":"","_monsterinsights_sitenote_category":0,"footnotes":""},"class_list":["post-9968","page","type-page","status-publish","hentry"],"acf":[],"aioseo_notices":[],"_links":{"self":[{"href":"https:\/\/humaokullari.com\/index.php\/wp-json\/wp\/v2\/pages\/9968","targetHints":{"allow":["GET"]}}],"collection":[{"href":"https:\/\/humaokullari.com\/index.php\/wp-json\/wp\/v2\/pages"}],"about":[{"href":"https:\/\/humaokullari.com\/index.php\/wp-json\/wp\/v2\/types\/page"}],"author":[{"embeddable":true,"href":"https:\/\/humaokullari.com\/index.php\/wp-json\/wp\/v2\/users\/1"}],"replies":[{"embeddable":true,"href":"https:\/\/humaokullari.com\/index.php\/wp-json\/wp\/v2\/comments?post=9968"}],"version-history":[{"count":1,"href":"https:\/\/humaokullari.com\/index.php\/wp-json\/wp\/v2\/pages\/9968\/revisions"}],"predecessor-version":[{"id":9969,"href":"https:\/\/humaokullari.com\/index.php\/wp-json\/wp\/v2\/pages\/9968\/revisions\/9969"}],"wp:attachment":[{"href":"https:\/\/humaokullari.com\/index.php\/wp-json\/wp\/v2\/media?parent=9968"}],"curies":[{"name":"wp","href":"https:\/\/api.w.org\/{rel}","templated":true}]}}